{"id":3,"date":"2020-12-22T13:50:47","date_gmt":"2020-12-22T13:50:47","guid":{"rendered":"http:\/\/ekino.afmm.edu.al\/?page_id=3"},"modified":"2021-01-03T12:23:28","modified_gmt":"2021-01-03T11:23:28","slug":"privacy-policy","status":"publish","type":"page","link":"https:\/\/ekino.afmm.edu.al\/fr\/privacy-policy\/","title":{"rendered":"Politique de confidentialit\u00e9"},"content":{"rendered":"<p>Chez eKino, accessible depuis https:\/\/ekino.afmm.edu.al, l'une de nos principales priorit\u00e9s est la confidentialit\u00e9 de nos visiteurs. Ce document de politique de confidentialit\u00e9 d\u00e9taille les types d'informations collect\u00e9es et enregistr\u00e9es par eKino et comment nous les utilisons.<\/p>\n\n\n\n<p>Si vous avez des questions suppl\u00e9mentaires ou avez besoin de plus d'informations sur notre politique de confidentialit\u00e9, n'h\u00e9sitez pas \u00e0 nous contacter.<\/p>\n\n\n\n<p>Cette politique de confidentialit\u00e9 s'applique uniquement \u00e0 nos activit\u00e9s en ligne et est valable pour les visiteurs de notre site Web en ce qui concerne les informations qu'ils ont partag\u00e9es et\/ou collect\u00e9es dans eKino. Cette politique ne s'applique \u00e0 aucune information collect\u00e9e hors ligne ou via des canaux autres que ce site Web.<\/p>\n\n\n\n<h2>Consentement<\/h2>\n\n\n\n<p>En utilisant notre site Web, vous consentez par la pr\u00e9sente \u00e0 notre politique de confidentialit\u00e9 et acceptez ses conditions.<\/p>\n\n\n\n<h2>Les informations que nous collectons<\/h2>\n\n\n\n<p>Les informations personnelles que vous \u00eates invit\u00e9 \u00e0 fournir, et les raisons pour lesquelles vous \u00eates invit\u00e9 \u00e0 les fournir, vous seront expliqu\u00e9es clairement au moment o\u00f9 nous vous demandons de fournir vos informations personnelles.<\/p>\n\n\n\n<p>Si vous nous contactez directement, nous pouvons recevoir des informations suppl\u00e9mentaires \u00e0 votre sujet, telles que votre nom, votre adresse e-mail, votre num\u00e9ro de t\u00e9l\u00e9phone, le contenu du message et\/ou des pi\u00e8ces jointes que vous pouvez nous envoyer, ainsi que toute autre information que vous pouvez choisir de fournir.<\/p>\n\n\n\n<p>Lorsque vous vous inscrivez, nous pouvons vous demander vos coordonn\u00e9es, y compris des \u00e9l\u00e9ments tels que le nom, le nom de l'entreprise, l'adresse, l'adresse e-mail et le num\u00e9ro de t\u00e9l\u00e9phone.<\/p>\n\n\n\n<h2>Comment utilisons-nous vos informations<\/h2>\n\n\n\n<p>Nous utilisons les informations que nous collectons de diff\u00e9rentes mani\u00e8res, notamment pour:<\/p>\n\n\n\n<ul><li>Fournir, exploiter et maintenir notre site Web<\/li><li>Am\u00e9liorer, personnaliser et d\u00e9velopper notre site Web<\/li><li>Comprendre et analyser votre fa\u00e7on d'utiliser notre site Web<\/li><li>D\u00e9velopper de nouveaux produits, services, et fonctionnalit\u00e9s<\/li><li>Communiquer avec vous, directement ou par l'interm\u00e9diaire de l'un de nos partenaires, y compris pour le service client, pour vous fournir des mises \u00e0 jour et d'autres informations relatives au site Web, et \u00e0 des fins de marketing et de promotion<\/li><li>Vous envoyer des e-mails<\/li><li>D\u00e9tecter et pr\u00e9venir la fraude<\/li><\/ul>\n\n\n\n<h2>Fichiers Log<\/h2>\n\n\n\n<p>eKino suit une proc\u00e9dure standard d'utilisation des fichiers 'log' journaux. Ces fichiers enregistrent les visiteurs lorsqu'ils visitent des sites Web. Toutes les soci\u00e9t\u00e9s d'h\u00e9bergement font cela et font partie de l'analyse des services d'h\u00e9bergement. Les informations collect\u00e9es par les fichiers journaux comprennent les adresses de protocole Internet (IP), le type de navigateur, le fournisseur d'acc\u00e8s Internet (FAI), la date et l'heure, les pages de renvoi\/sortie et \u00e9ventuellement le nombre de clics. Ceux-ci ne sont li\u00e9s \u00e0 aucune information personnellement identifiable. Le but de ces informations est d\u2019analyser les tendances, d\u2019administrer le site, de suivre les mouvements des utilisateurs sur le site Web et de recueillir des informations d\u00e9mographiques.<\/p>\n\n\n\n<h2>Cookies et balises Web<\/h2>\n\n\n\n<p>Comme tout autre site Web, eKino utilise des \u00abcookies\u00bb. Ces cookies sont utilis\u00e9s pour stocker des informations, y compris les pr\u00e9f\u00e9rences des visiteurs et les pages du site Web auxquelles le visiteur a acc\u00e9d\u00e9 ou visit\u00e9. Les informations sont utilis\u00e9es pour optimiser l'exp\u00e9rience des utilisateurs en personnalisant le contenu de notre page Web en fonction du type de navigateur des visiteurs et\/ou d'autres informations.<\/p>\n\n\n\n<p>Pour plus d'informations g\u00e9n\u00e9rales sur les cookies, veuillez lire <a href=\"https:\/\/www.cookieconsent.com\/what-are-cookies\/\" target=\"_blank\" rel=\"noopener\">\u00abQue sont les cookies\u00bb du consentement aux cookies<\/a>.<\/p>\n\n\n\n<h2>Politiques de confidentialit\u00e9 des partenaires publicitaires<\/h2>\n\n\n\n<p>Vous pouvez consulter cette liste pour trouver la politique de confidentialit\u00e9 de chacun des partenaires publicitaires d'eKino.<\/p>\n\n\n\n<p>Les serveurs publicitaires ou r\u00e9seaux publicitaires tiers utilisent des technologies telles que les cookies, JavaScript ou les balises Web qui sont utilis\u00e9es dans leurs publicit\u00e9s respectives et les liens qui apparaissent sur eKino, qui sont envoy\u00e9s directement au navigateur des utilisateurs. Ils re\u00e7oivent automatiquement votre adresse IP lorsque cela se produit. Ces technologies sont utilis\u00e9es pour mesurer l'efficacit\u00e9 de leurs campagnes publicitaires et\/ou pour personnaliser le contenu publicitaire que vous voyez sur les sites Web que vous visitez.<\/p>\n\n\n\n<p>Notez qu'eKino n'a aucun acc\u00e8s ni aucun contr\u00f4le sur ces cookies qui sont utilis\u00e9s par des annonceurs tiers.<\/p>\n\n\n\n<h2>Politiques de confidentialit\u00e9 des tiers<\/h2>\n\n\n\n<p>La politique de confidentialit\u00e9 d'eKino ne s'applique pas aux autres annonceurs ou sites Web. Ainsi, nous vous conseillons de consulter les politiques de confidentialit\u00e9 respectives de ces serveurs publicitaires tiers pour des informations plus d\u00e9taill\u00e9es. Il peut inclure leurs pratiques et des instructions sur la fa\u00e7on de refuser certaines options.<\/p>\n\n\n\n<p>Vous pouvez choisir de d\u00e9sactiver les cookies via les options de votre navigateur individuel. Pour obtenir des informations plus d\u00e9taill\u00e9es sur la gestion des cookies avec des navigateurs Web sp\u00e9cifiques, vous pouvez les trouver sur les sites Web respectifs des navigateurs.<\/p>\n\n\n\n<h2>Droits de confidentialit\u00e9 de l'ACCP (ne pas vendre mes informations personnelles)<\/h2>\n\n\n\n<p>En vertu de la CCPA, entre autres droits, les consommateurs ont le droit de:<\/p>\n\n\n\n<p>Demander qu\u2019une entreprise qui recueille les donn\u00e9es personnelles d\u2019un consommateur, divulgue les cat\u00e9gories et les donn\u00e9es personnelles qu\u2019elle a collect\u00e9es sur ce consommateur.<\/p>\n\n\n\n<p>Demander \u00e0 une entreprise de supprimer toutes les donn\u00e9es personnelles qu'elle a collect\u00e9es sur eux.<\/p>\n\n\n\n<p>Demander qu\u2019une entreprise qui vend les donn\u00e9es personnelles d\u2019un consommateur ne vende pas ces donn\u00e9es personnelles.<\/p>\n\n\n\n<p>Si vous faites une demande, nous avons un mois pour vous r\u00e9pondre. Si vous souhaitez exercer l'un de ces droits, veuillez nous contacter.<\/p>\n\n\n\n<h2>Droits de protection des donn\u00e9es GDPR<\/h2>\n\n\n\n<p>Nous souhaitons nous assurer que vous connaissez pleinement tous vos droits en mati\u00e8re de protection des donn\u00e9es. Chaque utilisateur a droit aux avantages suivants:<\/p>\n\n\n\n<p>Le droit d'acc\u00e8s - Vous avez le droit de demander des copies de vos donn\u00e9es personnelles. Nous pouvons vous facturer des frais minimes pour ce service.<\/p>\n\n\n\n<p>Le droit de rectification - Vous avez le droit de demander que nous corrigions toute information que vous estimez inexacte. Vous avez \u00e9galement le droit de demander que nous compl\u00e9tions les informations que vous estimez incompl\u00e8tes.<\/p>\n\n\n\n<p>Le droit \u00e0 l'effacement - Vous avez le droit de demander que nous effacions vos donn\u00e9es personnelles, sous certaines conditions.<\/p>\n\n\n\n<p>Le droit de restreindre le traitement - Vous avez le droit de demander que nous restreignions le traitement de vos donn\u00e9es personnelles, sous certaines conditions.<\/p>\n\n\n\n<p>Le droit de vous opposer au traitement - Vous avez le droit de vous opposer au traitement de vos donn\u00e9es personnelles, sous certaines conditions.<\/p>\n\n\n\n<p>Le droit \u00e0 la portabilit\u00e9 des donn\u00e9es - Vous avez le droit de demander que nous transf\u00e9rions les donn\u00e9es que nous avons collect\u00e9es \u00e0 une autre organisation, ou directement \u00e0 vous, sous certaines conditions.<\/p>\n\n\n\n<p>Si vous faites une demande, nous avons un mois pour vous r\u00e9pondre. Si vous souhaitez exercer l'un de ces droits, veuillez nous contacter.<\/p>\n\n\n\n<h2>Informations sur les enfants<\/h2>\n\n\n\n<p>Une autre de nos priorit\u00e9s consiste \u00e0 prot\u00e9ger les enfants lorsqu'ils utilisent Internet. Nous encourageons les parents et les tuteurs \u00e0 observer, participer et\/ou surveiller et guider leur activit\u00e9 en ligne.<\/p>\n\n\n\n<p>eKino ne recueille sciemment aucune information personnelle identifiable d'enfants de moins de 13 ans. Si vous pensez que votre enfant a fourni ce type d'informations sur notre site Web, nous vous encourageons fortement \u00e0 nous contacter imm\u00e9diatement et nous ferons de notre mieux pour supprimer rapidement ces informations de nos archives.<\/p>","protected":false},"excerpt":{"rendered":"<p>At eKino, accessible from https:\/\/ekino.afmm.edu.al, one of our main priorities is the privacy of our visitors. This Privacy Policy document contains types of information that is collected and recorded by eKino and how we use it. If you have additional questions or require more information about our Privacy Policy, do not hesitate to contact us.&hellip; <a class=\"more-link\" href=\"https:\/\/ekino.afmm.edu.al\/fr\/privacy-policy\/\">Poursuivre la lecture <span class=\"screen-reader-text\">Politique de confidentialit\u00e9<\/span><\/a><\/p>","protected":false},"author":1,"featured_media":0,"parent":0,"menu_order":8,"comment_status":"closed","ping_status":"open","template":"","meta":[],"_links":{"self":[{"href":"https:\/\/ekino.afmm.edu.al\/fr\/wp-json\/wp\/v2\/pages\/3"}],"collection":[{"href":"https:\/\/ekino.afmm.edu.al\/fr\/wp-json\/wp\/v2\/pages"}],"about":[{"href":"https:\/\/ekino.afmm.edu.al\/fr\/wp-json\/wp\/v2\/types\/page"}],"author":[{"embeddable":true,"href":"https:\/\/ekino.afmm.edu.al\/fr\/wp-json\/wp\/v2\/users\/1"}],"replies":[{"embeddable":true,"href":"https:\/\/ekino.afmm.edu.al\/fr\/wp-json\/wp\/v2\/comments?post=3"}],"version-history":[{"count":4,"href":"https:\/\/ekino.afmm.edu.al\/fr\/wp-json\/wp\/v2\/pages\/3\/revisions"}],"predecessor-version":[{"id":986,"href":"https:\/\/ekino.afmm.edu.al\/fr\/wp-json\/wp\/v2\/pages\/3\/revisions\/986"}],"wp:attachment":[{"href":"https:\/\/ekino.afmm.edu.al\/fr\/wp-json\/wp\/v2\/media?parent=3"}],"curies":[{"name":"wp","href":"https:\/\/api.w.org\/{rel}","templated":true}]}}