{"id":3,"date":"2020-12-22T13:50:47","date_gmt":"2020-12-22T13:50:47","guid":{"rendered":"http:\/\/ekino.afmm.edu.al\/?page_id=3"},"modified":"2021-01-03T12:23:28","modified_gmt":"2021-01-03T11:23:28","slug":"privacy-policy","status":"publish","type":"page","link":"https:\/\/ekino.afmm.edu.al\/sq\/privacy-policy\/","title":{"rendered":"Privat\u00ebsia"},"content":{"rendered":"<p>N\u00eb eKino, e arritshme nga https:\/\/ekino.afmm.edu.al, nj\u00eb nga p\u00ebrpar\u00ebsit\u00eb tona kryesore \u00ebsht\u00eb privat\u00ebsia e vizitor\u00ebve tan\u00eb. Ky dokument i Politik\u00ebs s\u00eb Privat\u00ebsis\u00eb p\u00ebrmban lloje t\u00eb informacionit q\u00eb mblidhen dhe regjistrohen nga eKino dhe m\u00ebnyr\u00ebn se si i p\u00ebrdorim ato.<\/p>\n\n\n\n<p>N\u00ebse keni pyetje shtes\u00eb ose keni nevoj\u00eb p\u00ebr m\u00eb shum\u00eb informacion n\u00eb lidhje me Politik\u00ebn ton\u00eb t\u00eb Privat\u00ebsis\u00eb, mos hezitoni t\u00eb na kontaktoni.<\/p>\n\n\n\n<p>Kjo Politik\u00eb e Privat\u00ebsis\u00eb zbatohet vet\u00ebm p\u00ebr aktivitetet tona n\u00eb internet dhe \u00ebsht\u00eb e vlefshme p\u00ebr vizitor\u00ebt n\u00eb faqen ton\u00eb t\u00eb internetit n\u00eb lidhje me informacionin q\u00eb ata ndan\u00eb dhe \/ ose mbledhin n\u00eb eKino. Kjo politik\u00eb nuk \u00ebsht\u00eb e zbatueshme p\u00ebr \u00e7do informacion t\u00eb mbledhur jasht\u00eb linje ose p\u00ebrmes kanaleve t\u00eb ndryshme nga kjo faqe n\u00eb internet.<\/p>\n\n\n\n<h2>P\u00eblqimi<\/h2>\n\n\n\n<p>Duke p\u00ebrdorur faqen ton\u00eb t\u00eb internetit, me an\u00eb t\u00eb k\u00ebsaj ju pranoni politik\u00ebn ton\u00eb t\u00eb privat\u00ebsis\u00eb dhe pajtoheni me kushtet e saj.<\/p>\n\n\n\n<h2>Informacioni q\u00eb mbledhim<\/h2>\n\n\n\n<p>Informacioni personal q\u00eb ju k\u00ebrkohet t\u00eb jepni dhe arsyet pse ju k\u00ebrkohet ta siguroni at\u00eb, do t'ju b\u00ebhen t\u00eb qarta n\u00eb pik\u00ebn kur ju k\u00ebrkojm\u00eb t\u00eb siguroni informacionin tuaj personal.<\/p>\n\n\n\n<p>N\u00ebse na kontaktoni drejtp\u00ebrdrejt, ne mund t\u00eb marrim informacione shtes\u00eb p\u00ebr ju si\u00e7 jan\u00eb emri juaj, adresa e post\u00ebs elektronike, numri i telefonit, p\u00ebrmbajtja e mesazhit dhe \/ ose bashk\u00ebngjitjet q\u00eb mund t\u00eb na d\u00ebrgoni dhe \u00e7do informacion tjet\u00ebr q\u00eb mund t\u00eb zgjidhni t\u00eb siguroni.<\/p>\n\n\n\n<p>Kur regjistroheni p\u00ebr nj\u00eb llogari, ne mund t\u00eb k\u00ebrkojm\u00eb informacionin tuaj t\u00eb kontaktit, duke p\u00ebrfshir\u00eb artikuj t\u00eb till\u00eb si emri, emri i kompanis\u00eb, adresa, adresa e post\u00ebs elektronike dhe numri i telefonit.<\/p>\n\n\n\n<h2>Si e p\u00ebrdorim informacionin tuaj<\/h2>\n\n\n\n<p>Ne p\u00ebrdorim informacionin q\u00eb mbledhim n\u00eb m\u00ebnyra t\u00eb ndryshme, p\u00ebrfshir\u00eb k\u00ebtu:<\/p>\n\n\n\n<ul><li>Sigurojm\u00eb, operojm\u00eb dhe mir\u00ebmbajm\u00eb faqen ton\u00eb t\u00eb internetit<\/li><li>P\u00ebrmir\u00ebsojm\u00eb, personalizojm\u00eb dhe zgjerojm\u00eb faqen ton\u00eb t\u00eb internetit<\/li><li>Kuptojm\u00eb dhe analizojm\u00eb se si e p\u00ebrdorni faqen ton\u00eb t\u00eb internetit<\/li><li>Zhvillojm\u00eb produkte t\u00eb reja, sh\u00ebrbime, karakteristika dhe funksionalitete<\/li><li>Komunikojm\u00eb me ju, drejtp\u00ebrdrejt ose p\u00ebrmes nj\u00eb prej partner\u00ebve tan\u00eb, p\u00ebrfshir\u00eb sh\u00ebrbimin ndaj klientit, p\u00ebr t'ju siguruar p\u00ebrdit\u00ebsime dhe informacione t\u00eb tjera n\u00eb lidhje me faqen e internetit, dhe p\u00ebr q\u00ebllime marketingu dhe promovuese<\/li><li>Ju d\u00ebrgojm\u00eb post\u00eb elektronike<\/li><li>Gjejm\u00eb dhe parandalojm\u00eb mashtrimet<\/li><\/ul>\n\n\n\n<h2>Regjistrimi i Skedar\u00ebve<\/h2>\n\n\n\n<p>eKino ndjek nj\u00eb procedur\u00eb standarde t\u00eb p\u00ebrdorimit t\u00eb skedar\u00ebve log. K\u00ebto skedar\u00eb regjistrojn\u00eb vizitor\u00ebt kur vizitojn\u00eb faqet e internetit. T\u00eb gjitha kompanit\u00eb e pritjes e b\u00ebjn\u00eb k\u00ebt\u00eb dhe nj\u00eb pjes\u00eb t\u00eb analizave t\u00eb sh\u00ebrbimeve t\u00eb pritjes. Informacioni i mbledhur nga skedar\u00ebt e regjistrave p\u00ebrfshin adresat e protokollit t\u00eb internetit (IP), llojin e shfletuesit, Ofruesin e Sh\u00ebrbimit t\u00eb Internetit (ISP), vul\u00ebn e dat\u00ebs dhe or\u00ebs, faqet e referimit \/ daljes, dhe ndoshta numrin e klikimeve. K\u00ebto nuk jan\u00eb t\u00eb lidhura me ndonj\u00eb informacion q\u00eb mund t\u00eb identifikohet personalisht. Q\u00ebllimi i informacionit \u00ebsht\u00eb p\u00ebr t\u00eb analizuar trendet, administrimin e faqes n\u00eb internet, gjurmimin e l\u00ebvizjes s\u00eb p\u00ebrdoruesve n\u00eb faqen e internetit dhe mbledhjen e informacionit demografik.<\/p>\n\n\n\n<h2>Cookies dhe Fener\u00ebt e Uebit<\/h2>\n\n\n\n<p>Si \u00e7do uebfaqe tjet\u00ebr, eKino p\u00ebrdor \u2018cookies\u2019. K\u00ebto cookies p\u00ebrdoren p\u00ebr t\u00eb ruajtur informacionin p\u00ebrfshir\u00eb preferencat e vizitor\u00ebve dhe faqet n\u00eb faqen e internetit q\u00eb vizitori ka hyr\u00eb ose vizituar. Informacioni p\u00ebrdoret p\u00ebr t\u00eb optimizuar p\u00ebrvoj\u00ebn e p\u00ebrdoruesve duke personalizuar p\u00ebrmbajtjen e faqes son\u00eb t\u00eb internetit bazuar n\u00eb llojin e shfletuesit t\u00eb vizitor\u00ebve dhe \/ ose informacione t\u00eb tjera.<\/p>\n\n\n\n<p>P\u00ebr m\u00eb shum\u00eb informacion t\u00eb p\u00ebrgjithsh\u00ebm mbi cookies, ju lutemi lexoni <a href=\"https:\/\/www.cookieconsent.com\/what-are-cookies\/\" target=\"_blank\" rel=\"noopener\">&#8220;What Are Cookies&#8221; from Cookie Consent<\/a>.<\/p>\n\n\n\n<h2>Partner\u00ebt e Reklamimit Politikat e Privat\u00ebsis\u00eb<\/h2>\n\n\n\n<p>Ju mund t\u00eb konsultoheni me k\u00ebt\u00eb list\u00eb p\u00ebr t\u00eb gjetur Politik\u00ebn e Privat\u00ebsis\u00eb p\u00ebr secilin nga partner\u00ebt reklamues t\u00eb eKino.<\/p>\n\n\n\n<p>Server\u00ebt e reklamave t\u00eb pal\u00ebve t\u00eb treta ose rrjetet e reklamave p\u00ebrdorin teknologji si cookies, JavaScript ose Web Beacons q\u00eb p\u00ebrdoren n\u00eb reklamat e tyre p\u00ebrkat\u00ebse dhe lidhjet q\u00eb shfaqen n\u00eb eKino, t\u00eb cilat d\u00ebrgohen direkt n\u00eb shfletuesin e p\u00ebrdoruesve. Ata marrin automatikisht adres\u00ebn tuaj IP kur kjo ndodh. K\u00ebto teknologji p\u00ebrdoren p\u00ebr t\u00eb matur efektivitetin e fushatave t\u00eb tyre reklamuese dhe \/ ose p\u00ebr t\u00eb personalizuar p\u00ebrmbajtjen e reklamave q\u00eb shihni n\u00eb faqet e internetit q\u00eb vizitoni.<\/p>\n\n\n\n<p>Vini re se eKino nuk ka qasje ose kontroll mbi k\u00ebto cookies q\u00eb p\u00ebrdoren nga reklamuesit e pal\u00ebve t\u00eb treta.<\/p>\n\n\n\n<h2>Politikat e privat\u00ebsis\u00eb s\u00eb pal\u00ebve t\u00eb treta<\/h2>\n\n\n\n<p>Politika e Privat\u00ebsis\u00eb s\u00eb eKino nuk zbatohet p\u00ebr reklamuesit e tjer\u00eb ose faqet e internetit. K\u00ebshtu, ne po ju k\u00ebshillojm\u00eb q\u00eb t\u00eb konsultoheni me Politikat p\u00ebrkat\u00ebse t\u00eb Privat\u00ebsis\u00eb t\u00eb k\u00ebtyre server\u00ebve t\u00eb reklamave t\u00eb pal\u00ebve t\u00eb treta p\u00ebr informacione m\u00eb t\u00eb holl\u00ebsishme. Mund t\u00eb p\u00ebrfshij\u00eb praktikat dhe udh\u00ebzimet e tyre se si t\u00eb hiqni dor\u00eb nga disa opsione.<\/p>\n\n\n\n<p>Ju mund t\u00eb zgjidhni t\u00eb \u00e7aktivizoni cookies p\u00ebrmes opsioneve tuaja individuale t\u00eb shfletuesit. P\u00ebr t\u00eb ditur informacione m\u00eb t\u00eb holl\u00ebsishme rreth menaxhimit t\u00eb cookie-t me shfletues t\u00eb ve\u00e7ant\u00eb t\u00eb internetit, ato mund t\u00eb gjenden n\u00eb faqet p\u00ebrkat\u00ebse t\u00eb shfletuesve.<\/p>\n\n\n\n<h2>T\u00eb drejtat e privat\u00ebsis\u00eb s\u00eb CCPA (mos i shisni informacionet e mia personale)<\/h2>\n\n\n\n<p>Sipas CCPA, nd\u00ebr t\u00eb drejtat e tjera, konsumator\u00ebt kan\u00eb t\u00eb drejt\u00eb t\u00eb:<\/p>\n\n\n\n<p>K\u00ebrkoni q\u00eb nj\u00eb biznes q\u00eb mbledh t\u00eb dh\u00ebnat personale t\u00eb nj\u00eb konsumatori t\u00eb zbuloj\u00eb kategorit\u00eb dhe pjes\u00ebt specifike t\u00eb t\u00eb dh\u00ebnave personale q\u00eb nj\u00eb biznes ka mbledhur p\u00ebr konsumator\u00ebt.<\/p>\n\n\n\n<p>K\u00ebrkoni q\u00eb nj\u00eb biznes t\u00eb fshij\u00eb \u00e7do t\u00eb dh\u00ebn\u00eb personale n\u00eb lidhje me konsumatorin q\u00eb nj\u00eb biznes ka mbledhur.<\/p>\n\n\n\n<p>K\u00ebrkoni q\u00eb nj\u00eb biznes q\u00eb shet t\u00eb dh\u00ebnat personale t\u00eb nj\u00eb konsumatori, t\u00eb mos shes\u00eb t\u00eb dh\u00ebnat personale t\u00eb konsumatorit.<\/p>\n\n\n\n<p>N\u00ebse b\u00ebni nj\u00eb k\u00ebrkes\u00eb, ne kemi nj\u00eb muaj p\u00ebr t'ju p\u00ebrgjigjur. N\u00ebse d\u00ebshironi t\u00eb ushtroni ndonj\u00eb nga k\u00ebto t\u00eb drejta, ju lutemi na kontaktoni.<\/p>\n\n\n\n<h2>T\u00eb drejtat e mbrojtjes s\u00eb t\u00eb dh\u00ebnave GDPR<\/h2>\n\n\n\n<p>Ne d\u00ebshirojm\u00eb t\u00eb sigurohemi q\u00eb ju jeni plot\u00ebsisht t\u00eb vet\u00ebdijsh\u00ebm p\u00ebr t\u00eb gjitha t\u00eb drejtat tuaja p\u00ebr mbrojtjen e t\u00eb dh\u00ebnave. \u00c7do p\u00ebrdorues ka t\u00eb drejt\u00ebn e m\u00ebposhtme:<\/p>\n\n\n\n<p>E drejta p\u00ebr qasje - Ju keni t\u00eb drejt\u00eb t\u00eb k\u00ebrkoni kopje t\u00eb t\u00eb dh\u00ebnave tuaja personale. Ne mund t'ju paguajm\u00eb nj\u00eb tarif\u00eb t\u00eb vog\u00ebl p\u00ebr k\u00ebt\u00eb sh\u00ebrbim.<\/p>\n\n\n\n<p>E drejta p\u00ebr korrigjim - Ju keni t\u00eb drejt\u00eb t\u00eb k\u00ebrkoni q\u00eb t\u00eb korrigjojm\u00eb \u00e7do informacion q\u00eb ju mendoni se \u00ebsht\u00eb i pasakt\u00eb. Ju gjithashtu keni t\u00eb drejt\u00eb t\u00eb k\u00ebrkoni q\u00eb ne t\u00eb plot\u00ebsojm\u00eb informacionin q\u00eb ju besoni se \u00ebsht\u00eb i paplot\u00eb.<\/p>\n\n\n\n<p>E drejta p\u00ebr fshirje - Ju keni t\u00eb drejt\u00eb t\u00eb k\u00ebrkoni q\u00eb ne t\u00eb fshijm\u00eb t\u00eb dh\u00ebnat tuaja personale, n\u00eb kushte t\u00eb caktuara.<\/p>\n\n\n\n<p>E drejta p\u00ebr t\u00eb kufizuar p\u00ebrpunimin - Ju keni t\u00eb drejt\u00eb t\u00eb k\u00ebrkoni q\u00eb ne t\u00eb kufizojm\u00eb p\u00ebrpunimin e t\u00eb dh\u00ebnave tuaja personale, n\u00eb kushte t\u00eb caktuara.<\/p>\n\n\n\n<p>E drejta p\u00ebr t\u00eb kund\u00ebrshtuar p\u00ebrpunimin - Ju keni t\u00eb drejt\u00eb t\u00eb kund\u00ebrshtoni p\u00ebrpunimin ton\u00eb t\u00eb t\u00eb dh\u00ebnave tuaja personale, n\u00eb kushte t\u00eb caktuara.<\/p>\n\n\n\n<p>E drejta p\u00ebr transportueshm\u00ebri t\u00eb t\u00eb dh\u00ebnave - Ju keni t\u00eb drejt\u00eb t\u00eb k\u00ebrkoni q\u00eb t\u00eb transferojm\u00eb t\u00eb dh\u00ebnat q\u00eb kemi mbledhur n\u00eb nj\u00eb organizat\u00eb tjet\u00ebr, ose direkt tek ju, n\u00eb kushte t\u00eb caktuara.<\/p>\n\n\n\n<p>N\u00ebse b\u00ebni nj\u00eb k\u00ebrkes\u00eb, ne kemi nj\u00eb muaj p\u00ebr t'ju p\u00ebrgjigjur. N\u00ebse d\u00ebshironi t\u00eb ushtroni ndonj\u00eb nga k\u00ebto t\u00eb drejta, ju lutemi na kontaktoni.<\/p>\n\n\n\n<h2>Informacioni i F\u00ebmij\u00ebve<\/h2>\n\n\n\n<p>Nj\u00eb pjes\u00eb tjet\u00ebr e p\u00ebrpar\u00ebsis\u00eb son\u00eb \u00ebsht\u00eb shtimi i mbrojtjes p\u00ebr f\u00ebmij\u00ebt gjat\u00eb p\u00ebrdorimit t\u00eb internetit. Ne inkurajojm\u00eb prind\u00ebrit dhe kujdestar\u00ebt t\u00eb v\u00ebzhgojn\u00eb, marrin pjes\u00eb n\u00eb, dhe \/ ose monitorojn\u00eb dhe drejtojn\u00eb veprimtarin\u00eb e tyre n\u00eb internet.<\/p>\n\n\n\n<p>eKino nuk mbledh me dashje asnj\u00eb Informacion Personal t\u00eb Identifikuesh\u00ebm nga f\u00ebmij\u00ebt n\u00ebn mosh\u00ebn 13 vje\u00e7. N\u00ebse mendoni se f\u00ebmija juaj ka dh\u00ebn\u00eb k\u00ebt\u00eb lloj informacioni n\u00eb faqen ton\u00eb t\u00eb internetit, ne ju inkurajojm\u00eb fuqimisht q\u00eb t\u00eb na kontaktoni menj\u00ebher\u00eb dhe ne do t\u00eb b\u00ebjm\u00eb p\u00ebrpjekjet tona m\u00eb t\u00eb menj\u00ebhershme p\u00ebr t\u00eb hequr informacione t\u00eb tilla nga t\u00eb dh\u00ebnat tona.<\/p>","protected":false},"excerpt":{"rendered":"<p>At eKino, accessible from https:\/\/ekino.afmm.edu.al, one of our main priorities is the privacy of our visitors. This Privacy Policy document contains types of information that is collected and recorded by eKino and how we use it. If you have additional questions or require more information about our Privacy Policy, do not hesitate to contact us.&hellip; <a class=\"more-link\" href=\"https:\/\/ekino.afmm.edu.al\/sq\/privacy-policy\/\">Vazhdoni me leximin e <span class=\"screen-reader-text\">Privat\u00ebsia<\/span><\/a><\/p>","protected":false},"author":1,"featured_media":0,"parent":0,"menu_order":8,"comment_status":"closed","ping_status":"open","template":"","meta":[],"_links":{"self":[{"href":"https:\/\/ekino.afmm.edu.al\/sq\/wp-json\/wp\/v2\/pages\/3"}],"collection":[{"href":"https:\/\/ekino.afmm.edu.al\/sq\/wp-json\/wp\/v2\/pages"}],"about":[{"href":"https:\/\/ekino.afmm.edu.al\/sq\/wp-json\/wp\/v2\/types\/page"}],"author":[{"embeddable":true,"href":"https:\/\/ekino.afmm.edu.al\/sq\/wp-json\/wp\/v2\/users\/1"}],"replies":[{"embeddable":true,"href":"https:\/\/ekino.afmm.edu.al\/sq\/wp-json\/wp\/v2\/comments?post=3"}],"version-history":[{"count":4,"href":"https:\/\/ekino.afmm.edu.al\/sq\/wp-json\/wp\/v2\/pages\/3\/revisions"}],"predecessor-version":[{"id":986,"href":"https:\/\/ekino.afmm.edu.al\/sq\/wp-json\/wp\/v2\/pages\/3\/revisions\/986"}],"wp:attachment":[{"href":"https:\/\/ekino.afmm.edu.al\/sq\/wp-json\/wp\/v2\/media?parent=3"}],"curies":[{"name":"wp","href":"https:\/\/api.w.org\/{rel}","templated":true}]}}