{"id":509,"date":"2021-01-01T10:15:30","date_gmt":"2021-01-01T09:15:30","guid":{"rendered":"https:\/\/ekino.afmm.edu.al\/?page_id=509"},"modified":"2021-01-06T14:53:43","modified_gmt":"2021-01-06T13:53:43","slug":"about","status":"publish","type":"page","link":"https:\/\/ekino.afmm.edu.al\/sq\/about\/","title":{"rendered":"Rreth nesh"},"content":{"rendered":"<div data-elementor-type=\"wp-page\" data-elementor-id=\"509\" data-post-id=\"509\" data-obj-id=\"509\" class=\"elementor elementor-509 dce-elementor-post-509\" data-elementor-settings=\"[]\">\n\t\t\t\t\t\t<div class=\"elementor-inner\">\n\t\t\t\t\t\t\t<div class=\"elementor-section-wrap\">\n\t\t\t\t\t\t\t<section class=\"elementor-section elementor-top-section elementor-element elementor-element-3210ecfa elementor-section-content-middle elementor-section-boxed elementor-section-height-default elementor-section-height-default\" data-id=\"3210ecfa\" data-element_type=\"section\" data-settings=\"{&quot;background_background&quot;:&quot;classic&quot;}\">\n\t\t\t\t\t\t\t<div class=\"elementor-background-overlay\"><\/div>\n\t\t\t\t\t\t\t<div class=\"elementor-container elementor-column-gap-no\">\n\t\t\t\t\t\t\t<div class=\"elementor-row\">\n\t\t\t\t\t<div class=\"elementor-column elementor-col-100 elementor-top-column elementor-element elementor-element-35b4e2d8\" data-id=\"35b4e2d8\" data-element_type=\"column\">\n\t\t\t<div class=\"elementor-column-wrap elementor-element-populated\">\n\t\t\t\t\t\t\t<div class=\"elementor-widget-wrap\">\n\t\t\t\t\t\t<div class=\"elementor-element elementor-element-2495471e elementor-widget elementor-widget-heading\" data-id=\"2495471e\" data-element_type=\"widget\" data-widget_type=\"heading.default\">\n\t\t\t\t<div class=\"elementor-widget-container\">\n\t\t\t<h4 class=\"elementor-heading-title elementor-size-default\">afmm: ekino \u00ebsht\u00eb nj\u00eb kinema virtuale e krijuar nga Akademia e Filmit & Multimedias Marubi dhe partner\u00ebt e saj<\/h4>\t\t<\/div>\n\t\t\t\t<\/div>\n\t\t\t\t<div class=\"elementor-element elementor-element-22c197a0 elementor-widget elementor-widget-text-editor\" data-id=\"22c197a0\" data-element_type=\"widget\" data-widget_type=\"text-editor.default\">\n\t\t\t\t<div class=\"elementor-widget-container\">\n\t\t\t\t\t\t\t\t<div class=\"elementor-text-editor elementor-clearfix\">\n\t\t\t\t\t<p>Ne kemi p\u00ebr q\u00ebllim t'Ju paraqesim shum\u00ebllojshm\u00ebri filmash nga shum\u00eb vende dhe kultura.<\/p>\t\t\t\t\t<\/div>\n\t\t\t\t\t\t<\/div>\n\t\t\t\t<\/div>\n\t\t\t\t\t\t<\/div>\n\t\t\t\t\t<\/div>\n\t\t<\/div>\n\t\t\t\t\t\t\t\t<\/div>\n\t\t\t\t\t<\/div>\n\t\t<\/section>\n\t\t\t\t<section class=\"elementor-section elementor-top-section elementor-element elementor-element-372f9466 elementor-section-content-middle elementor-section-boxed elementor-section-height-default elementor-section-height-default\" data-id=\"372f9466\" data-element_type=\"section\" data-settings=\"{&quot;background_background&quot;:&quot;classic&quot;}\">\n\t\t\t\t\t\t<div class=\"elementor-container elementor-column-gap-no\">\n\t\t\t\t\t\t\t<div class=\"elementor-row\">\n\t\t\t\t\t<div class=\"elementor-column elementor-col-100 elementor-top-column elementor-element elementor-element-1c9d193\" data-id=\"1c9d193\" data-element_type=\"column\">\n\t\t\t<div class=\"elementor-column-wrap elementor-element-populated\">\n\t\t\t\t\t\t\t<div class=\"elementor-widget-wrap\">\n\t\t\t\t\t\t<div class=\"elementor-element elementor-element-4ae19d9 elementor-widget elementor-widget-heading\" data-id=\"4ae19d9\" data-element_type=\"widget\" data-widget_type=\"heading.default\">\n\t\t\t\t<div class=\"elementor-widget-container\">\n\t\t\t<h4 class=\"elementor-heading-title elementor-size-default\">Partner\u00ebt Tan\u00eb<\/h4>\t\t<\/div>\n\t\t\t\t<\/div>\n\t\t\t\t<div class=\"elementor-element elementor-element-156519e3 elementor-widget elementor-widget-heading\" data-id=\"156519e3\" data-element_type=\"widget\" data-widget_type=\"heading.default\">\n\t\t\t\t<div class=\"elementor-widget-container\">\n\t\t\t<h5 class=\"elementor-heading-title elementor-size-default\">Filmat ofrohen n\u00eb bashk\u00ebpunim me<br \/>\npartner\u00ebt si m\u00eb posht\u00eb<\/h5>\t\t<\/div>\n\t\t\t\t<\/div>\n\t\t\t\t<section class=\"elementor-section elementor-inner-section elementor-element elementor-element-48a9930a elementor-section-content-middle elementor-section-boxed elementor-section-height-default elementor-section-height-default\" data-id=\"48a9930a\" data-element_type=\"section\">\n\t\t\t\t\t\t<div class=\"elementor-container elementor-column-gap-no\">\n\t\t\t\t\t\t\t<div class=\"elementor-row\">\n\t\t\t\t\t<div class=\"elementor-column elementor-col-33 elementor-inner-column elementor-element elementor-element-2ddc26c1\" data-id=\"2ddc26c1\" data-element_type=\"column\">\n\t\t\t<div class=\"elementor-column-wrap elementor-element-populated\">\n\t\t\t\t\t\t\t<div class=\"elementor-widget-wrap\">\n\t\t\t\t\t\t<div class=\"elementor-element elementor-element-5efbf80b dce_masking-none elementor-widget elementor-widget-image\" data-id=\"5efbf80b\" data-element_type=\"widget\" data-widget_type=\"image.default\">\n\t\t\t\t<div class=\"elementor-widget-container\">\n\t\t\t\t\t\t\t\t<div class=\"elementor-image\">\n\t\t\t\t\t\t\t\t\t\t\t\t<img width=\"1666\" height=\"1666\" src=\"https:\/\/ekino.afmm.edu.al\/wp-content\/uploads\/2021\/01\/Israel-embassy.jpg\" class=\"attachment-2048x2048 size-2048x2048\" alt=\"\" loading=\"lazy\" srcset=\"https:\/\/ekino.afmm.edu.al\/wp-content\/uploads\/2021\/01\/Israel-embassy.jpg 1666w, https:\/\/ekino.afmm.edu.al\/wp-content\/uploads\/2021\/01\/Israel-embassy-300x300.jpg 300w, https:\/\/ekino.afmm.edu.al\/wp-content\/uploads\/2021\/01\/Israel-embassy-1024x1024.jpg 1024w, https:\/\/ekino.afmm.edu.al\/wp-content\/uploads\/2021\/01\/Israel-embassy-150x150.jpg 150w, https:\/\/ekino.afmm.edu.al\/wp-content\/uploads\/2021\/01\/Israel-embassy-768x768.jpg 768w, https:\/\/ekino.afmm.edu.al\/wp-content\/uploads\/2021\/01\/Israel-embassy-1536x1536.jpg 1536w, https:\/\/ekino.afmm.edu.al\/wp-content\/uploads\/2021\/01\/Israel-embassy-12x12.jpg 12w, https:\/\/ekino.afmm.edu.al\/wp-content\/uploads\/2021\/01\/Israel-embassy-700x700.jpg 700w, https:\/\/ekino.afmm.edu.al\/wp-content\/uploads\/2021\/01\/Israel-embassy-1568x1568.jpg 1568w\" sizes=\"(max-width: 1666px) 100vw, 1666px\" style=\"width:100%;height:100%;max-width:1666px;\" \/>\t\t\t\t\t\t\t\t\t\t\t\t\t\t<\/div>\n\t\t\t\t\t\t<\/div>\n\t\t\t\t<\/div>\n\t\t\t\t\t\t<\/div>\n\t\t\t\t\t<\/div>\n\t\t<\/div>\n\t\t\t\t<div class=\"elementor-column elementor-col-33 elementor-inner-column elementor-element elementor-element-22d55b06\" data-id=\"22d55b06\" data-element_type=\"column\">\n\t\t\t<div class=\"elementor-column-wrap elementor-element-populated\">\n\t\t\t\t\t\t\t<div class=\"elementor-widget-wrap\">\n\t\t\t\t\t\t<div class=\"elementor-element elementor-element-181176b6 dce_masking-none elementor-widget elementor-widget-image\" data-id=\"181176b6\" data-element_type=\"widget\" data-widget_type=\"image.default\">\n\t\t\t\t<div class=\"elementor-widget-container\">\n\t\t\t\t\t\t\t\t<div class=\"elementor-image\">\n\t\t\t\t\t\t\t\t\t\t\t\t<img width=\"300\" height=\"188\" src=\"https:\/\/ekino.afmm.edu.al\/wp-content\/uploads\/2021\/01\/austria-embassy-300x188.jpg\" class=\"attachment-medium size-medium\" alt=\"\" loading=\"lazy\" srcset=\"https:\/\/ekino.afmm.edu.al\/wp-content\/uploads\/2021\/01\/austria-embassy-300x188.jpg 300w, https:\/\/ekino.afmm.edu.al\/wp-content\/uploads\/2021\/01\/austria-embassy-16x10.jpg 16w, https:\/\/ekino.afmm.edu.al\/wp-content\/uploads\/2021\/01\/austria-embassy.jpg 739w\" sizes=\"(max-width: 300px) 100vw, 300px\" style=\"width:100%;height:62.65%;max-width:739px;\" \/>\t\t\t\t\t\t\t\t\t\t\t\t\t\t<\/div>\n\t\t\t\t\t\t<\/div>\n\t\t\t\t<\/div>\n\t\t\t\t\t\t<\/div>\n\t\t\t\t\t<\/div>\n\t\t<\/div>\n\t\t\t\t<div class=\"elementor-column elementor-col-33 elementor-inner-column elementor-element elementor-element-18d99907\" data-id=\"18d99907\" data-element_type=\"column\">\n\t\t\t<div class=\"elementor-column-wrap elementor-element-populated\">\n\t\t\t\t\t\t\t<div class=\"elementor-widget-wrap\">\n\t\t\t\t\t\t<div class=\"elementor-element elementor-element-5ded31f dce_masking-none elementor-widget elementor-widget-image\" data-id=\"5ded31f\" data-element_type=\"widget\" data-widget_type=\"image.default\">\n\t\t\t\t<div class=\"elementor-widget-container\">\n\t\t\t\t\t\t\t\t<div class=\"elementor-image\">\n\t\t\t\t\t\t\t\t\t\t\t\t<img width=\"300\" height=\"208\" src=\"https:\/\/ekino.afmm.edu.al\/wp-content\/uploads\/2021\/01\/french-embassy-300x208.jpg\" class=\"attachment-medium size-medium\" alt=\"\" loading=\"lazy\" srcset=\"https:\/\/ekino.afmm.edu.al\/wp-content\/uploads\/2021\/01\/french-embassy-300x208.jpg 300w, https:\/\/ekino.afmm.edu.al\/wp-content\/uploads\/2021\/01\/french-embassy-1024x711.jpg 1024w, https:\/\/ekino.afmm.edu.al\/wp-content\/uploads\/2021\/01\/french-embassy-768x533.jpg 768w, https:\/\/ekino.afmm.edu.al\/wp-content\/uploads\/2021\/01\/french-embassy-16x12.jpg 16w, https:\/\/ekino.afmm.edu.al\/wp-content\/uploads\/2021\/01\/french-embassy.jpg 1060w\" sizes=\"(max-width: 300px) 100vw, 300px\" style=\"width:100%;height:69.43%;max-width:1060px;\" \/>\t\t\t\t\t\t\t\t\t\t\t\t\t\t<\/div>\n\t\t\t\t\t\t<\/div>\n\t\t\t\t<\/div>\n\t\t\t\t\t\t<\/div>\n\t\t\t\t\t<\/div>\n\t\t<\/div>\n\t\t\t\t\t\t\t\t<\/div>\n\t\t\t\t\t<\/div>\n\t\t<\/section>\n\t\t\t\t<section class=\"elementor-section elementor-inner-section elementor-element elementor-element-4e9ca571 elementor-section-content-middle elementor-section-boxed elementor-section-height-default elementor-section-height-default\" data-id=\"4e9ca571\" data-element_type=\"section\">\n\t\t\t\t\t\t<div class=\"elementor-container elementor-column-gap-no\">\n\t\t\t\t\t\t\t<div class=\"elementor-row\">\n\t\t\t\t\t<div class=\"elementor-column elementor-col-33 elementor-inner-column elementor-element elementor-element-446463d0\" data-id=\"446463d0\" data-element_type=\"column\">\n\t\t\t<div class=\"elementor-column-wrap elementor-element-populated\">\n\t\t\t\t\t\t\t<div class=\"elementor-widget-wrap\">\n\t\t\t\t\t\t<div class=\"elementor-element elementor-element-9302141 dce_masking-none elementor-widget elementor-widget-image\" data-id=\"9302141\" data-element_type=\"widget\" data-widget_type=\"image.default\">\n\t\t\t\t<div class=\"elementor-widget-container\">\n\t\t\t\t\t\t\t\t<div class=\"elementor-image\">\n\t\t\t\t\t\t\t\t\t\t\t\t<img width=\"460\" height=\"112\" src=\"https:\/\/ekino.afmm.edu.al\/wp-content\/uploads\/2021\/01\/logo_ch_print.png\" class=\"attachment-2048x2048 size-2048x2048\" alt=\"\" loading=\"lazy\" srcset=\"https:\/\/ekino.afmm.edu.al\/wp-content\/uploads\/2021\/01\/logo_ch_print.png 460w, https:\/\/ekino.afmm.edu.al\/wp-content\/uploads\/2021\/01\/logo_ch_print-300x73.png 300w, https:\/\/ekino.afmm.edu.al\/wp-content\/uploads\/2021\/01\/logo_ch_print-16x4.png 16w\" sizes=\"(max-width: 460px) 100vw, 460px\" style=\"width:100%;height:24.35%;max-width:460px;\" \/>\t\t\t\t\t\t\t\t\t\t\t\t\t\t<\/div>\n\t\t\t\t\t\t<\/div>\n\t\t\t\t<\/div>\n\t\t\t\t\t\t<\/div>\n\t\t\t\t\t<\/div>\n\t\t<\/div>\n\t\t\t\t<div class=\"elementor-column elementor-col-33 elementor-inner-column elementor-element elementor-element-39648c3d\" data-id=\"39648c3d\" data-element_type=\"column\">\n\t\t\t<div class=\"elementor-column-wrap\">\n\t\t\t\t\t\t\t<div class=\"elementor-widget-wrap\">\n\t\t\t\t\t\t\t\t<\/div>\n\t\t\t\t\t<\/div>\n\t\t<\/div>\n\t\t\t\t<div class=\"elementor-column elementor-col-33 elementor-inner-column elementor-element elementor-element-43577f70\" data-id=\"43577f70\" data-element_type=\"column\">\n\t\t\t<div class=\"elementor-column-wrap elementor-element-populated\">\n\t\t\t\t\t\t\t<div class=\"elementor-widget-wrap\">\n\t\t\t\t\t\t<div class=\"elementor-element elementor-element-19f83f88 dce_masking-none elementor-widget elementor-widget-image\" data-id=\"19f83f88\" data-element_type=\"widget\" data-widget_type=\"image.default\">\n\t\t\t\t<div class=\"elementor-widget-container\">\n\t\t\t\t\t\t\t\t<div class=\"elementor-image\">\n\t\t\t\t\t\t\t\t\t\t\t\t<img width=\"750\" height=\"168\" src=\"https:\/\/ekino.afmm.edu.al\/wp-content\/uploads\/2021\/01\/spain-embassy-1024x230.png\" class=\"attachment-large size-large\" alt=\"\" loading=\"lazy\" srcset=\"https:\/\/ekino.afmm.edu.al\/wp-content\/uploads\/2021\/01\/spain-embassy-1024x230.png 1024w, https:\/\/ekino.afmm.edu.al\/wp-content\/uploads\/2021\/01\/spain-embassy-300x67.png 300w, https:\/\/ekino.afmm.edu.al\/wp-content\/uploads\/2021\/01\/spain-embassy-768x172.png 768w, https:\/\/ekino.afmm.edu.al\/wp-content\/uploads\/2021\/01\/spain-embassy-1536x345.png 1536w, https:\/\/ekino.afmm.edu.al\/wp-content\/uploads\/2021\/01\/spain-embassy-16x4.png 16w, https:\/\/ekino.afmm.edu.al\/wp-content\/uploads\/2021\/01\/spain-embassy-1568x352.png 1568w, https:\/\/ekino.afmm.edu.al\/wp-content\/uploads\/2021\/01\/spain-embassy.png 1719w\" sizes=\"(max-width: 750px) 100vw, 750px\" style=\"width:100%;height:22.45%;max-width:1719px;\" \/>\t\t\t\t\t\t\t\t\t\t\t\t\t\t<\/div>\n\t\t\t\t\t\t<\/div>\n\t\t\t\t<\/div>\n\t\t\t\t\t\t<\/div>\n\t\t\t\t\t<\/div>\n\t\t<\/div>\n\t\t\t\t\t\t\t\t<\/div>\n\t\t\t\t\t<\/div>\n\t\t<\/section>\n\t\t\t\t\t\t<\/div>\n\t\t\t\t\t<\/div>\n\t\t<\/div>\n\t\t\t\t\t\t\t\t<\/div>\n\t\t\t\t\t<\/div>\n\t\t<\/section>\n\t\t\t\t\t\t<\/div>\n\t\t\t\t\t\t<\/div>\n\t\t\t\t\t<\/div>","protected":false},"excerpt":{"rendered":"<p>afmm: ekino is a virtual cinema created from the Academy of Film &amp; Multimedia Marubi &amp; its partners We aim to introduce you to a variety of movies from many countries and cultures. Our Partners The movies are provided in collaboration with the folowing partners<\/p>","protected":false},"author":2,"featured_media":1119,"parent":0,"menu_order":5,"comment_status":"closed","ping_status":"closed","template":"elementor_header_footer","meta":[],"_links":{"self":[{"href":"https:\/\/ekino.afmm.edu.al\/sq\/wp-json\/wp\/v2\/pages\/509"}],"collection":[{"href":"https:\/\/ekino.afmm.edu.al\/sq\/wp-json\/wp\/v2\/pages"}],"about":[{"href":"https:\/\/ekino.afmm.edu.al\/sq\/wp-json\/wp\/v2\/types\/page"}],"author":[{"embeddable":true,"href":"https:\/\/ekino.afmm.edu.al\/sq\/wp-json\/wp\/v2\/users\/2"}],"replies":[{"embeddable":true,"href":"https:\/\/ekino.afmm.edu.al\/sq\/wp-json\/wp\/v2\/comments?post=509"}],"version-history":[{"count":88,"href":"https:\/\/ekino.afmm.edu.al\/sq\/wp-json\/wp\/v2\/pages\/509\/revisions"}],"predecessor-version":[{"id":1279,"href":"https:\/\/ekino.afmm.edu.al\/sq\/wp-json\/wp\/v2\/pages\/509\/revisions\/1279"}],"wp:featuredmedia":[{"embeddable":true,"href":"https:\/\/ekino.afmm.edu.al\/sq\/wp-json\/wp\/v2\/media\/1119"}],"wp:attachment":[{"href":"https:\/\/ekino.afmm.edu.al\/sq\/wp-json\/wp\/v2\/media?parent=509"}],"curies":[{"name":"wp","href":"https:\/\/api.w.org\/{rel}","templated":true}]}}